{"id":71,"date":"2019-09-27T22:19:42","date_gmt":"2019-09-27T20:19:42","guid":{"rendered":"https:\/\/www.oroseguros.com.co\/?page_id=71"},"modified":"2024-03-27T18:10:04","modified_gmt":"2024-03-27T17:10:04","slug":"nosotros","status":"publish","type":"page","link":"https:\/\/www.oroseguros.com.co\/index.php\/nosotros\/","title":{"rendered":"Contactenos"},"content":{"rendered":"\t\t<div data-elementor-type=\"wp-page\" data-elementor-id=\"71\" class=\"elementor elementor-71\">\n\t\t\t\t\t\t<section class=\"elementor-section elementor-top-section elementor-element elementor-element-192c4eb elementor-section-boxed elementor-section-height-default elementor-section-height-default\" data-id=\"192c4eb\" data-element_type=\"section\">\n\t\t\t\t\t\t<div class=\"elementor-container elementor-column-gap-default\">\n\t\t\t\t\t<div class=\"elementor-column elementor-col-20 elementor-top-column elementor-element elementor-element-6386587\" data-id=\"6386587\" data-element_type=\"column\">\n\t\t\t<div class=\"elementor-widget-wrap elementor-element-populated\">\n\t\t\t\t\t\t<div class=\"elementor-element elementor-element-a00ad10 elementor-cta--skin-classic elementor-animated-content elementor-bg-transform elementor-bg-transform-zoom-in elementor-widget elementor-widget-call-to-action\" data-id=\"a00ad10\" data-element_type=\"widget\" data-widget_type=\"call-to-action.default\">\n\t\t\t\t<div class=\"elementor-widget-container\">\n\t\t\t\t\t\t\t<div  class=\"elementor-cta\">\n\t\t\t\t\t<div class=\"elementor-cta__bg-wrapper\">\n\t\t\t\t<div class=\"elementor-cta__bg elementor-bg\" style=\"background-image: url(https:\/\/www.oroseguros.com.co\/wp-content\/uploads\/2023\/06\/1.png);\"><\/div>\n\t\t\t\t<div class=\"elementor-cta__bg-overlay\"><\/div>\n\t\t\t<\/div>\n\t\t\t\t\t\t\t<div class=\"elementor-cta__content\">\n\t\t\t\t\n\t\t\t\t\t\t\t\t\t<h2 class=\"elementor-cta__title elementor-cta__content-item elementor-content-item\">\n\t\t\t\t\t\t+10 Soluciones\t\t\t\t\t<\/h2>\n\t\t\t\t\n\t\t\t\t\t\t\t\t\t<div class=\"elementor-cta__description elementor-cta__content-item elementor-content-item\">\n\t\t\t\t\t\ten protecci\u00f3n para Veh\u00edculos, particulares y colectivos \t\t\t\t\t<\/div>\n\t\t\t\t\n\t\t\t\t\t\t\t\t\t<div class=\"elementor-cta__button-wrapper elementor-cta__content-item elementor-content-item \">\n\t\t\t\t\t<a class=\"elementor-cta__button elementor-button elementor-size-sm\" href=\"https:\/\/wa.me\/573152296440\">\n\t\t\t\t\t\tAses\u00f3rame\t\t\t\t\t<\/a>\n\t\t\t\t\t<\/div>\n\t\t\t\t\t\t\t<\/div>\n\t\t\t\t\t\t<\/div>\n\t\t\t\t\t\t<\/div>\n\t\t\t\t<\/div>\n\t\t\t\t\t<\/div>\n\t\t<\/div>\n\t\t\t\t<div class=\"elementor-column elementor-col-20 elementor-top-column elementor-element elementor-element-3267c4c\" data-id=\"3267c4c\" data-element_type=\"column\">\n\t\t\t<div class=\"elementor-widget-wrap elementor-element-populated\">\n\t\t\t\t\t\t<div class=\"elementor-element elementor-element-d9dff44 elementor-cta--skin-classic elementor-animated-content elementor-bg-transform elementor-bg-transform-zoom-in elementor-widget elementor-widget-call-to-action\" data-id=\"d9dff44\" data-element_type=\"widget\" data-widget_type=\"call-to-action.default\">\n\t\t\t\t<div class=\"elementor-widget-container\">\n\t\t\t\t\t\t\t<div  class=\"elementor-cta\">\n\t\t\t\t\t<div class=\"elementor-cta__bg-wrapper\">\n\t\t\t\t<div class=\"elementor-cta__bg elementor-bg\" style=\"background-image: url(https:\/\/www.oroseguros.com.co\/wp-content\/uploads\/2023\/06\/8.png);\"><\/div>\n\t\t\t\t<div class=\"elementor-cta__bg-overlay\"><\/div>\n\t\t\t<\/div>\n\t\t\t\t\t\t\t<div class=\"elementor-cta__content\">\n\t\t\t\t\n\t\t\t\t\t\t\t\t\t<h2 class=\"elementor-cta__title elementor-cta__content-item elementor-content-item\">\n\t\t\t\t\t\tProtecci\u00f3n a la medida\t\t\t\t\t<\/h2>\n\t\t\t\t\n\t\t\t\t\t\t\t\t\t<div class=\"elementor-cta__description elementor-cta__content-item elementor-content-item\">\n\t\t\t\t\t\tde tu negocio\t\t\t\t\t<\/div>\n\t\t\t\t\n\t\t\t\t\t\t\t\t\t<div class=\"elementor-cta__button-wrapper elementor-cta__content-item elementor-content-item \">\n\t\t\t\t\t<a class=\"elementor-cta__button elementor-button elementor-size-sm\" href=\"https:\/\/wa.me\/message\/LB64M6S36WNCN1\">\n\t\t\t\t\t\tAses\u00f3rame\t\t\t\t\t<\/a>\n\t\t\t\t\t<\/div>\n\t\t\t\t\t\t\t<\/div>\n\t\t\t\t\t\t<\/div>\n\t\t\t\t\t\t<\/div>\n\t\t\t\t<\/div>\n\t\t\t\t\t<\/div>\n\t\t<\/div>\n\t\t\t\t<div class=\"elementor-column elementor-col-20 elementor-top-column elementor-element elementor-element-db1c691\" data-id=\"db1c691\" data-element_type=\"column\">\n\t\t\t<div class=\"elementor-widget-wrap elementor-element-populated\">\n\t\t\t\t\t\t<div class=\"elementor-element elementor-element-92239ec elementor-cta--skin-classic elementor-animated-content elementor-bg-transform elementor-bg-transform-zoom-in elementor-widget elementor-widget-call-to-action\" data-id=\"92239ec\" data-element_type=\"widget\" data-widget_type=\"call-to-action.default\">\n\t\t\t\t<div class=\"elementor-widget-container\">\n\t\t\t\t\t\t\t<div  class=\"elementor-cta\">\n\t\t\t\t\t<div class=\"elementor-cta__bg-wrapper\">\n\t\t\t\t<div class=\"elementor-cta__bg elementor-bg\" style=\"background-image: url(https:\/\/www.oroseguros.com.co\/wp-content\/uploads\/2023\/06\/3.png);\"><\/div>\n\t\t\t\t<div class=\"elementor-cta__bg-overlay\"><\/div>\n\t\t\t<\/div>\n\t\t\t\t\t\t\t<div class=\"elementor-cta__content\">\n\t\t\t\t\n\t\t\t\t\t\t\t\t\t<h2 class=\"elementor-cta__title elementor-cta__content-item elementor-content-item\">\n\t\t\t\t\t\tRespaldo para tus contratos\t\t\t\t\t<\/h2>\n\t\t\t\t\n\t\t\t\t\t\t\t\t\t<div class=\"elementor-cta__description elementor-cta__content-item elementor-content-item\">\n\t\t\t\t\t\tParticulares y Estatales\t\t\t\t\t<\/div>\n\t\t\t\t\n\t\t\t\t\t\t\t\t\t<div class=\"elementor-cta__button-wrapper elementor-cta__content-item elementor-content-item \">\n\t\t\t\t\t<a class=\"elementor-cta__button elementor-button elementor-size-sm\" href=\"https:\/\/wa.me\/message\/NYUT7JQYLS4PD1\">\n\t\t\t\t\t\tAses\u00f3rame\t\t\t\t\t<\/a>\n\t\t\t\t\t<\/div>\n\t\t\t\t\t\t\t<\/div>\n\t\t\t\t\t\t<\/div>\n\t\t\t\t\t\t<\/div>\n\t\t\t\t<\/div>\n\t\t\t\t\t<\/div>\n\t\t<\/div>\n\t\t\t\t<div class=\"elementor-column elementor-col-20 elementor-top-column elementor-element elementor-element-623456d\" data-id=\"623456d\" data-element_type=\"column\">\n\t\t\t<div class=\"elementor-widget-wrap elementor-element-populated\">\n\t\t\t\t\t\t<div class=\"elementor-element elementor-element-2e15f97 elementor-cta--skin-classic elementor-animated-content elementor-bg-transform elementor-bg-transform-zoom-in elementor-widget elementor-widget-call-to-action\" data-id=\"2e15f97\" data-element_type=\"widget\" data-widget_type=\"call-to-action.default\">\n\t\t\t\t<div class=\"elementor-widget-container\">\n\t\t\t\t\t\t\t<div  class=\"elementor-cta\">\n\t\t\t\t\t<div class=\"elementor-cta__bg-wrapper\">\n\t\t\t\t<div class=\"elementor-cta__bg elementor-bg\" style=\"background-image: url(https:\/\/www.oroseguros.com.co\/wp-content\/uploads\/2024\/03\/imagenes-oro-3.png);\"><\/div>\n\t\t\t\t<div class=\"elementor-cta__bg-overlay\"><\/div>\n\t\t\t<\/div>\n\t\t\t\t\t\t\t<div class=\"elementor-cta__content\">\n\t\t\t\t\n\t\t\t\t\t\t\t\t\t<h2 class=\"elementor-cta__title elementor-cta__content-item elementor-content-item\">\n\t\t\t\t\t\tSoluciones\t\t\t\t\t<\/h2>\n\t\t\t\t\n\t\t\t\t\t\t\t\t\t<div class=\"elementor-cta__description elementor-cta__content-item elementor-content-item\">\n\t\t\t\t\t\tPara proteger a los que amas \t\t\t\t\t<\/div>\n\t\t\t\t\n\t\t\t\t\t\t\t\t\t<div class=\"elementor-cta__button-wrapper elementor-cta__content-item elementor-content-item \">\n\t\t\t\t\t<a class=\"elementor-cta__button elementor-button elementor-size-sm\" href=\"https:\/\/wa.me\/message\/LB64M6S36WNCN1\">\n\t\t\t\t\t\tAsesorame\t\t\t\t\t<\/a>\n\t\t\t\t\t<\/div>\n\t\t\t\t\t\t\t<\/div>\n\t\t\t\t\t\t<\/div>\n\t\t\t\t\t\t<\/div>\n\t\t\t\t<\/div>\n\t\t\t\t\t<\/div>\n\t\t<\/div>\n\t\t\t\t<div class=\"elementor-column elementor-col-20 elementor-top-column elementor-element elementor-element-3205218\" data-id=\"3205218\" data-element_type=\"column\">\n\t\t\t<div class=\"elementor-widget-wrap elementor-element-populated\">\n\t\t\t\t\t\t<div class=\"elementor-element elementor-element-c95f9ef elementor-cta--skin-classic elementor-animated-content elementor-bg-transform elementor-bg-transform-zoom-in elementor-widget elementor-widget-call-to-action\" data-id=\"c95f9ef\" data-element_type=\"widget\" data-widget_type=\"call-to-action.default\">\n\t\t\t\t<div class=\"elementor-widget-container\">\n\t\t\t\t\t\t\t<div  class=\"elementor-cta\">\n\t\t\t\t\t<div class=\"elementor-cta__bg-wrapper\">\n\t\t\t\t<div class=\"elementor-cta__bg elementor-bg\" style=\"background-image: url(https:\/\/www.oroseguros.com.co\/wp-content\/uploads\/2023\/06\/15.png);\"><\/div>\n\t\t\t\t<div class=\"elementor-cta__bg-overlay\"><\/div>\n\t\t\t<\/div>\n\t\t\t\t\t\t\t<div class=\"elementor-cta__content\">\n\t\t\t\t\n\t\t\t\t\t\t\t\t\t<h2 class=\"elementor-cta__title elementor-cta__content-item elementor-content-item\">\n\t\t\t\t\t\tAltenativas\t\t\t\t\t<\/h2>\n\t\t\t\t\n\t\t\t\t\t\t\t\t\t<div class=\"elementor-cta__description elementor-cta__content-item elementor-content-item\">\n\t\t\t\t\t\tPara ahorrar en las cuotas tus cr\u00e9ditos \n*Hipotecario\n*Veh\u00edculo\n*Consumo\t\t\t\t\t<\/div>\n\t\t\t\t\n\t\t\t\t\t\t\t\t\t<div class=\"elementor-cta__button-wrapper elementor-cta__content-item elementor-content-item \">\n\t\t\t\t\t<a class=\"elementor-cta__button elementor-button elementor-size-sm\" href=\"https:\/\/wa.me\/message\/LB64M6S36WNCN1\">\n\t\t\t\t\t\tAses\u00f3rame\t\t\t\t\t<\/a>\n\t\t\t\t\t<\/div>\n\t\t\t\t\t\t\t<\/div>\n\t\t\t\t\t\t<\/div>\n\t\t\t\t\t\t<\/div>\n\t\t\t\t<\/div>\n\t\t\t\t\t<\/div>\n\t\t<\/div>\n\t\t\t\t\t<\/div>\n\t\t<\/section>\n\t\t\t\t<section class=\"elementor-section elementor-top-section elementor-element elementor-element-546161c elementor-section-boxed elementor-section-height-default elementor-section-height-default\" data-id=\"546161c\" data-element_type=\"section\">\n\t\t\t\t\t\t<div class=\"elementor-container elementor-column-gap-default\">\n\t\t\t\t\t<div class=\"elementor-column elementor-col-100 elementor-top-column elementor-element elementor-element-92b343c\" data-id=\"92b343c\" data-element_type=\"column\">\n\t\t\t<div class=\"elementor-widget-wrap elementor-element-populated\">\n\t\t\t\t\t\t<div class=\"elementor-element elementor-element-848c835 elementor-widget__width-initial elementor-widget elementor-widget-text-editor\" data-id=\"848c835\" data-element_type=\"widget\" data-widget_type=\"text-editor.default\">\n\t\t\t\t<div class=\"elementor-widget-container\">\n\t\t\t\t\t\t\t\t\t<div class=\"elementor-element elementor-element-11f8cbbd elementor-widget elementor-widget-heading\" data-id=\"11f8cbbd\" data-element_type=\"widget\" data-widget_type=\"heading.default\">\n<div class=\"elementor-widget-container\">\n<h3 class=\"elementor-heading-title elementor-size-large\" style=\"text-align: center;\"><span style=\"color: #ffcc00;\">Oficina Principal<\/span><\/h3><div><span style=\"color: #ffcc00;\"><br><\/span><\/div>\n<div><span style=\"color: var( --e-global-color-secondary ); font-family: var( --e-global-typography-text-font-family ), Sans-serif; font-size: inherit; font-weight: var( --e-global-typography-text-font-weight );\">CRA 74B # 49A-38<\/span><\/div>\n<div><span style=\"font-size: inherit; font-family: var( --e-global-typography-text-font-family ), Sans-serif; font-weight: var( --e-global-typography-text-font-weight ); color: var( --e-global-color-secondary );\">315 225 6195<\/span><\/div>\n<\/div>\n<\/div>\n<div class=\"elementor-element elementor-element-5df86dd7 elementor-icon-list--layout-traditional elementor-list-item-link-full_width elementor-widget elementor-widget-icon-list\" data-id=\"5df86dd7\" data-element_type=\"widget\" data-widget_type=\"icon-list.default\">\n<div class=\"elementor-widget-container\">\n<p><span style=\"color: #000080;\"><a style=\"font-family: var( --e-global-typography-text-font-family ), Sans-serif; font-weight: var( --e-global-typography-text-font-weight ); background-color: #ffffff; color: #000080; display: inline !important;\" href=\"mailto:ricardo.rojas@oroseguros.com.co\"><span class=\"elementor-icon-list-text\" style=\"display: inline !important;\">ricardo.rojas@oroseguros.com.co<\/span><\/a><\/span><\/p>\n<\/div>\n<\/div>\t\t\t\t\t\t\t\t<\/div>\n\t\t\t\t<\/div>\n\t\t\t\t<div class=\"elementor-element elementor-element-cb9ed23 elementor-widget__width-initial elementor-widget elementor-widget-google_maps\" data-id=\"cb9ed23\" data-element_type=\"widget\" data-widget_type=\"google_maps.default\">\n\t\t\t\t<div class=\"elementor-widget-container\">\n\t\t\t\t\t\t\t<div class=\"elementor-custom-embed\">\n\t\t\t<iframe loading=\"lazy\"\n\t\t\t\t\tsrc=\"https:\/\/maps.google.com\/maps?q=oroseguros&#038;t=m&#038;z=15&#038;output=embed&#038;iwloc=near\"\n\t\t\t\t\ttitle=\"oroseguros\"\n\t\t\t\t\taria-label=\"oroseguros\"\n\t\t\t><\/iframe>\n\t\t<\/div>\n\t\t\t\t\t\t<\/div>\n\t\t\t\t<\/div>\n\t\t\t\t\t<\/div>\n\t\t<\/div>\n\t\t\t\t\t<\/div>\n\t\t<\/section>\n\t\t\t\t<\/div>\n\t\t","protected":false},"excerpt":{"rendered":"<p>+10 Soluciones en protecci\u00f3n para Veh\u00edculos, particulares y colectivos Ases\u00f3rame Protecci\u00f3n a la medida de tu negocio Ases\u00f3rame Respaldo para tus contratos Particulares y Estatales&hellip;<\/p>\n","protected":false},"author":1,"featured_media":0,"parent":0,"menu_order":0,"comment_status":"closed","ping_status":"closed","template":"","meta":{"footnotes":""},"class_list":["post-71","page","type-page","status-publish","hentry"],"yoast_head":"<!-- This site is optimized with the Yoast SEO plugin v26.0 - https:\/\/yoast.com\/wordpress\/plugins\/seo\/ -->\n<title>Contactenos &#8226; OROSEGUROS LTDA<\/title>\n<meta name=\"robots\" content=\"index, follow, max-snippet:-1, max-image-preview:large, max-video-preview:-1\" \/>\n<link rel=\"canonical\" href=\"https:\/\/www.oroseguros.com.co\/index.php\/nosotros\/\" \/>\n<meta property=\"og:locale\" content=\"es_ES\" \/>\n<meta property=\"og:type\" content=\"article\" \/>\n<meta property=\"og:title\" content=\"Contactenos &#8226; OROSEGUROS LTDA\" \/>\n<meta property=\"og:description\" content=\"+10 Soluciones en protecci\u00f3n para Veh\u00edculos, particulares y colectivos Ases\u00f3rame Protecci\u00f3n a la medida de tu negocio Ases\u00f3rame Respaldo para tus contratos Particulares y Estatales&hellip;\" \/>\n<meta property=\"og:url\" content=\"https:\/\/www.oroseguros.com.co\/index.php\/nosotros\/\" \/>\n<meta property=\"og:site_name\" content=\"OROSEGUROS LTDA\" \/>\n<meta property=\"article:publisher\" content=\"https:\/\/www.facebook.com\/Oroseguros\" \/>\n<meta property=\"article:modified_time\" content=\"2024-03-27T17:10:04+00:00\" \/>\n<meta name=\"twitter:card\" content=\"summary_large_image\" \/>\n<meta name=\"twitter:label1\" content=\"Tiempo de lectura\" \/>\n\t<meta name=\"twitter:data1\" content=\"1 minuto\" \/>\n<script type=\"application\/ld+json\" class=\"yoast-schema-graph\">{\"@context\":\"https:\/\/schema.org\",\"@graph\":[{\"@type\":\"WebPage\",\"@id\":\"https:\/\/www.oroseguros.com.co\/index.php\/nosotros\/\",\"url\":\"https:\/\/www.oroseguros.com.co\/index.php\/nosotros\/\",\"name\":\"Contactenos &#8226; OROSEGUROS LTDA\",\"isPartOf\":{\"@id\":\"https:\/\/www.oroseguros.com.co\/#website\"},\"datePublished\":\"2019-09-27T20:19:42+00:00\",\"dateModified\":\"2024-03-27T17:10:04+00:00\",\"breadcrumb\":{\"@id\":\"https:\/\/www.oroseguros.com.co\/index.php\/nosotros\/#breadcrumb\"},\"inLanguage\":\"es\",\"potentialAction\":[{\"@type\":\"ReadAction\",\"target\":[\"https:\/\/www.oroseguros.com.co\/index.php\/nosotros\/\"]}]},{\"@type\":\"BreadcrumbList\",\"@id\":\"https:\/\/www.oroseguros.com.co\/index.php\/nosotros\/#breadcrumb\",\"itemListElement\":[{\"@type\":\"ListItem\",\"position\":1,\"name\":\"Portada\",\"item\":\"https:\/\/www.oroseguros.com.co\/\"},{\"@type\":\"ListItem\",\"position\":2,\"name\":\"Contactenos\"}]},{\"@type\":\"WebSite\",\"@id\":\"https:\/\/www.oroseguros.com.co\/#website\",\"url\":\"https:\/\/www.oroseguros.com.co\/\",\"name\":\"OROSEGUROS LTDA\",\"description\":\"Asesores en riesgos y seguros\",\"publisher\":{\"@id\":\"https:\/\/www.oroseguros.com.co\/#organization\"},\"potentialAction\":[{\"@type\":\"SearchAction\",\"target\":{\"@type\":\"EntryPoint\",\"urlTemplate\":\"https:\/\/www.oroseguros.com.co\/?s={search_term_string}\"},\"query-input\":{\"@type\":\"PropertyValueSpecification\",\"valueRequired\":true,\"valueName\":\"search_term_string\"}}],\"inLanguage\":\"es\"},{\"@type\":\"Organization\",\"@id\":\"https:\/\/www.oroseguros.com.co\/#organization\",\"name\":\"OROSEGUROS\",\"url\":\"https:\/\/www.oroseguros.com.co\/\",\"logo\":{\"@type\":\"ImageObject\",\"inLanguage\":\"es\",\"@id\":\"https:\/\/www.oroseguros.com.co\/#\/schema\/logo\/image\/\",\"url\":\"https:\/\/www.oroseguros.com.co\/wp-content\/uploads\/2019\/10\/LOGO-ORO-COMPLETO-TRANSPARENCIA.png\",\"contentUrl\":\"https:\/\/www.oroseguros.com.co\/wp-content\/uploads\/2019\/10\/LOGO-ORO-COMPLETO-TRANSPARENCIA.png\",\"width\":2306,\"height\":1310,\"caption\":\"OROSEGUROS\"},\"image\":{\"@id\":\"https:\/\/www.oroseguros.com.co\/#\/schema\/logo\/image\/\"},\"sameAs\":[\"https:\/\/www.facebook.com\/Oroseguros\",\"https:\/\/www.instagram.com\/oroseguros_col\/\",\"https:\/\/www.youtube.com\/channel\/UCz7m73ify8TqTOxyDKgg5Cw\"]}]}<\/script>\n<!-- \/ Yoast SEO plugin. -->","yoast_head_json":{"title":"Contactenos &#8226; OROSEGUROS LTDA","robots":{"index":"index","follow":"follow","max-snippet":"max-snippet:-1","max-image-preview":"max-image-preview:large","max-video-preview":"max-video-preview:-1"},"canonical":"https:\/\/www.oroseguros.com.co\/index.php\/nosotros\/","og_locale":"es_ES","og_type":"article","og_title":"Contactenos &#8226; OROSEGUROS LTDA","og_description":"+10 Soluciones en protecci\u00f3n para Veh\u00edculos, particulares y colectivos Ases\u00f3rame Protecci\u00f3n a la medida de tu negocio Ases\u00f3rame Respaldo para tus contratos Particulares y Estatales&hellip;","og_url":"https:\/\/www.oroseguros.com.co\/index.php\/nosotros\/","og_site_name":"OROSEGUROS LTDA","article_publisher":"https:\/\/www.facebook.com\/Oroseguros","article_modified_time":"2024-03-27T17:10:04+00:00","twitter_card":"summary_large_image","twitter_misc":{"Tiempo de lectura":"1 minuto"},"schema":{"@context":"https:\/\/schema.org","@graph":[{"@type":"WebPage","@id":"https:\/\/www.oroseguros.com.co\/index.php\/nosotros\/","url":"https:\/\/www.oroseguros.com.co\/index.php\/nosotros\/","name":"Contactenos &#8226; OROSEGUROS LTDA","isPartOf":{"@id":"https:\/\/www.oroseguros.com.co\/#website"},"datePublished":"2019-09-27T20:19:42+00:00","dateModified":"2024-03-27T17:10:04+00:00","breadcrumb":{"@id":"https:\/\/www.oroseguros.com.co\/index.php\/nosotros\/#breadcrumb"},"inLanguage":"es","potentialAction":[{"@type":"ReadAction","target":["https:\/\/www.oroseguros.com.co\/index.php\/nosotros\/"]}]},{"@type":"BreadcrumbList","@id":"https:\/\/www.oroseguros.com.co\/index.php\/nosotros\/#breadcrumb","itemListElement":[{"@type":"ListItem","position":1,"name":"Portada","item":"https:\/\/www.oroseguros.com.co\/"},{"@type":"ListItem","position":2,"name":"Contactenos"}]},{"@type":"WebSite","@id":"https:\/\/www.oroseguros.com.co\/#website","url":"https:\/\/www.oroseguros.com.co\/","name":"OROSEGUROS LTDA","description":"Asesores en riesgos y seguros","publisher":{"@id":"https:\/\/www.oroseguros.com.co\/#organization"},"potentialAction":[{"@type":"SearchAction","target":{"@type":"EntryPoint","urlTemplate":"https:\/\/www.oroseguros.com.co\/?s={search_term_string}"},"query-input":{"@type":"PropertyValueSpecification","valueRequired":true,"valueName":"search_term_string"}}],"inLanguage":"es"},{"@type":"Organization","@id":"https:\/\/www.oroseguros.com.co\/#organization","name":"OROSEGUROS","url":"https:\/\/www.oroseguros.com.co\/","logo":{"@type":"ImageObject","inLanguage":"es","@id":"https:\/\/www.oroseguros.com.co\/#\/schema\/logo\/image\/","url":"https:\/\/www.oroseguros.com.co\/wp-content\/uploads\/2019\/10\/LOGO-ORO-COMPLETO-TRANSPARENCIA.png","contentUrl":"https:\/\/www.oroseguros.com.co\/wp-content\/uploads\/2019\/10\/LOGO-ORO-COMPLETO-TRANSPARENCIA.png","width":2306,"height":1310,"caption":"OROSEGUROS"},"image":{"@id":"https:\/\/www.oroseguros.com.co\/#\/schema\/logo\/image\/"},"sameAs":["https:\/\/www.facebook.com\/Oroseguros","https:\/\/www.instagram.com\/oroseguros_col\/","https:\/\/www.youtube.com\/channel\/UCz7m73ify8TqTOxyDKgg5Cw"]}]}},"_links":{"self":[{"href":"https:\/\/www.oroseguros.com.co\/index.php\/wp-json\/wp\/v2\/pages\/71","targetHints":{"allow":["GET"]}}],"collection":[{"href":"https:\/\/www.oroseguros.com.co\/index.php\/wp-json\/wp\/v2\/pages"}],"about":[{"href":"https:\/\/www.oroseguros.com.co\/index.php\/wp-json\/wp\/v2\/types\/page"}],"author":[{"embeddable":true,"href":"https:\/\/www.oroseguros.com.co\/index.php\/wp-json\/wp\/v2\/users\/1"}],"replies":[{"embeddable":true,"href":"https:\/\/www.oroseguros.com.co\/index.php\/wp-json\/wp\/v2\/comments?post=71"}],"version-history":[{"count":29,"href":"https:\/\/www.oroseguros.com.co\/index.php\/wp-json\/wp\/v2\/pages\/71\/revisions"}],"predecessor-version":[{"id":342,"href":"https:\/\/www.oroseguros.com.co\/index.php\/wp-json\/wp\/v2\/pages\/71\/revisions\/342"}],"wp:attachment":[{"href":"https:\/\/www.oroseguros.com.co\/index.php\/wp-json\/wp\/v2\/media?parent=71"}],"curies":[{"name":"wp","href":"https:\/\/api.w.org\/{rel}","templated":true}]}}